{"id":5841,"date":"2025-03-27T11:28:49","date_gmt":"2025-03-27T11:28:49","guid":{"rendered":"https:\/\/alvaromartinsanz.es\/?page_id=5841"},"modified":"2025-04-07T17:25:05","modified_gmt":"2025-04-07T17:25:05","slug":"alvaro-martin-sanz-2","status":"publish","type":"page","link":"https:\/\/alvaromartinsanz.es\/en\/","title":{"rendered":"Pagina de Inicio"},"content":{"rendered":"<div class=\"wpb-content-wrapper\"><section id=\"ut-section-6a04692c28ad0\" data-vc-full-width=\"true\" data-vc-full-width-init=\"false\" data-cursor-skin=\"global\" class=\"vc_section ut-vc-160 vc_section-has-no-fill ut-section-6a04692c28ad7\"><div id=\"ut-row-6a04692c28fe9\" data-vc-full-width=\"true\" data-vc-full-width-init=\"false\" class=\"vc_row wpb_row vc_row-fluid vc_column-gap-0 ut-row-6a04692c28fee\" ><div class=\"wpb_column vc_column_container vc_col-sm-12\" ><div id=\"ut_inner_column_6a04692c29383\" class=\"vc_column-inner\" ><div class=\"wpb_wrapper\"><div class=\"wpb_content_element\"><style type=\"text\/css\">#ut_header_6a04692c296bc h1.page-title, #ut_header_6a04692c296bc h1.page-title span { color:#000000; }#ut_header_6a04692c296bc h1.page-title{ font-family: \"Raleway\";font-weight:700;font-style:normal; }#ut_header_6a04692c296bc h1.page-title { font-size:87px !important;line-height:70px !important;letter-spacing:-0.03em; }@media (max-width: 767px) {#ut_header_6a04692c296bc h1.page-title { font-size:32px !important; }}<\/style><header id=\"ut_header_6a04692c296bc\" class=\"page-header page-title-module  ut-no-title-linebreak-mobile ut-no-lead-linebreak-mobile pt-style-7 header-center header-tablet-center header-mobile-center element-with-custom-line-height\"><div class=\"element-with-custom-line-height\" ><h1 data-title=\"Cineasta y profesor\" data-effect=\"fadeIn\" data-animateonce=\"yes\" data-delay=\"0\" data-responsive-font=\"page_title\" data-responsive-font-settings=\"{&quot;base-font-size&quot;:&quot;87&quot;,&quot;font-size-unit&quot;:&quot;px&quot;,&quot;font-size&quot;:{&quot;desktop_large&quot;:&quot;87&quot;,&quot;mobile&quot;:&quot;32&quot;},&quot;base-line-height&quot;:&quot;global&quot;,&quot;line-height&quot;:{&quot;desktop_large&quot;:&quot;70&quot;},&quot;base-letter-spacing&quot;:&quot;global&quot;,&quot;letter-spacing&quot;:{&quot;desktop_large&quot;:&quot;-0.03&quot;}}\" class=\"page-title ut-animate-element animated\"><span>Filmmaker and professor<\/span><\/h1><\/div><\/header><\/div><\/div><\/div><\/div><\/div><div class=\"vc_row-full-width vc_clearfix\"><\/div><a data-id=\"section-without-id\" class=\"ut-vc-offset-anchor-bottom\" name=\"section-without-id\"><\/a><style type=\"text\/css\">#ut-section-6a04692c28ad0{padding: 60px !important;} <\/style><\/section><div class=\"vc_row-full-width vc_clearfix\"><\/div><section id=\"ut-section-6a04692c2d372\" data-vc-full-width=\"true\" data-vc-full-width-init=\"false\" data-cursor-skin=\"global\" class=\"vc_section ut-vc-160 vc_section-has-fill ut-section-6a04692c2d379 ut-parallax-section\"><div id=\"ut-parallax-6a04692c2d39c\" data-parallax-factor=\"8\" data-background-image=\"https:\/\/alvaromartinsanz.es\/wp-content\/uploads\/2025\/03\/Proyector-tonos-azules.webp?id=5846\" class=\"parallax-scroll-container parallax-scroll-container-hide ut-background-lozad\"><\/div><div id=\"ut-row-6a04692c2d81a\" data-vc-full-width=\"true\" data-vc-full-width-init=\"false\" class=\"vc_row wpb_row vc_row-fluid vc_column-gap-0 ut-row-6a04692c2d821\" ><div class=\"wpb_column vc_column_container vc_col-sm-12\" ><div id=\"ut_inner_column_6a04692c2dbb8\" class=\"vc_column-inner\" ><div class=\"wpb_wrapper\"><div class=\"wpb_content_element\"><style type=\"text\/css\">#ut_header_6a04692c2df36 h1.section-title, #ut_header_6a04692c2df36 h1.section-title span { color:#ffffff; }#ut_header_6a04692c2df36 h1.section-title{ font-family: \"Poppins\";font-weight:600;font-style:normal; }#ut_header_6a04692c2df36 h1.section-title { font-size:70px !important;line-height:70px !important;letter-spacing:-0.03em; }#ut_header_6a04692c2df36.pt-style-2 .page-title span:after, #ut_header_6a04692c2df36.pt-style-2 .parallax-title span:after, #ut_header_6a04692c2df36.pt-style-2 .section-title span:after { background-color:#ffffff !important;}<\/style><header id=\"ut_header_6a04692c2df36\" class=\"section-header  ut-no-title-linebreak-mobile ut-no-lead-linebreak-mobile pt-style-2 header-left header-tablet-left header-mobile-left element-with-custom-line-height\"><div class=\"element-with-custom-line-height\" ><h1 data-title=\"Cine\" data-effect=\"fadeIn\" data-animateonce=\"yes\" data-delay=\"0\" data-responsive-font=\"section_title\" data-responsive-font-settings=\"{&quot;base-font-size&quot;:&quot;global&quot;,&quot;font-size&quot;:{&quot;desktop_large&quot;:&quot;70&quot;},&quot;base-line-height&quot;:&quot;global&quot;,&quot;line-height&quot;:{&quot;desktop_large&quot;:&quot;70&quot;},&quot;base-letter-spacing&quot;:&quot;global&quot;,&quot;letter-spacing&quot;:{&quot;desktop_large&quot;:&quot;-0.03&quot;}}\" class=\"section-title ut-animate-element animated\"><span>Cinema<\/span><\/h1><\/div><\/header><\/div>\r\n\t<div class=\"wpb_text_column wpb_content_element wpb_animate_when_almost_visible wpb_fadeIn fadeIn\" >\r\n\t\t<div class=\"wpb_wrapper\">\r\n\t\t\t<p data-start=\"70\" data-end=\"187\"><span style=\"color: #ffffff;\"><span class=\"selectable-text copyable-text false\">I have directed short films that have been awarded at film festivals around the world.<\/span><\/span><\/p>\n\r\n\t\t<\/div>\r\n\t<\/div>\r\n<style type=\"text\/css\">#bklyn_btn_6a04692c2e5ad .bklyn-btn { color:#FFFFFF !important; border-color:#ffffff !important; border-width:2px !important; background-color:transparent !important; }#bklyn_btn_6a04692c2e5ad a.bklyn-btn { font-weight:300 !important; }#bklyn_btn_6a04692c2e5ad.bklyn-btn-header a.bklyn-btn { font-weight:300 !important; }#bklyn_btn_6a04692c2e5ad.bklyn-btn-header a.bklyn-btn span { font-weight:300 !important; }<\/style><div id=\"bklyn_btn_6a04692c2e5ad\" class=\"bklyn-btn-holder  bklyn-btn-left bklyn-btn-tablet-left bklyn-btn-mobile-left\"><a title=\"\" data-effect=\"fadeIn\" data-animateonce=\"yes\" data-delay=\"0\"  href=\"https:\/\/alvaromartinsanz.es\/cine\/\" target=\"_self\" class=\"bklyn-btn  bklyn-btn-outline ut-animate-element animated bklyn-btn-normal\" ><span class=\"ut-btn-text\">View<\/span><\/a><\/div><\/div><\/div><\/div><\/div><div class=\"vc_row-full-width vc_clearfix\"><\/div><a data-id=\"section-without-id\" class=\"ut-vc-offset-anchor-bottom\" name=\"section-without-id\"><\/a><style type=\"text\/css\">#ut-section-6a04692c2d372{padding-top: 50px !important;padding-right: 50px !important;padding-bottom: 50px !important;padding-left: 50px !important;} <\/style><\/section><div class=\"vc_row-full-width vc_clearfix\"><\/div><section id=\"ut-section-6a04692c2f07e\" data-vc-full-width=\"true\" data-vc-full-width-init=\"false\" data-cursor-skin=\"global\" class=\"vc_section ut-vc-160 vc_section-has-fill ut-section-6a04692c2f083 ut-parallax-section\"><div id=\"ut-parallax-6a04692c2f0a1\" data-parallax-factor=\"8\" data-background-image=\"https:\/\/alvaromartinsanz.es\/wp-content\/uploads\/2025\/03\/libros-fondo.webp?id=5843\" class=\"parallax-scroll-container parallax-scroll-container-hide ut-background-lozad\"><\/div><div id=\"ut-row-6a04692c2f47d\" data-vc-full-width=\"true\" data-vc-full-width-init=\"false\" class=\"vc_row wpb_row vc_row-fluid vc_column-gap-0 ut-row-6a04692c2f484\" ><div class=\"wpb_column vc_column_container vc_col-sm-12\" ><div id=\"ut_inner_column_6a04692c2f749\" class=\"vc_column-inner\" ><div class=\"wpb_wrapper\"><div class=\"wpb_content_element\"><style type=\"text\/css\">#ut_header_6a04692c2fa97 h1.section-title, #ut_header_6a04692c2fa97 h1.section-title span { color:#ffffff; }#ut_header_6a04692c2fa97 h1.section-title{ font-family: \"Poppins\";font-weight:600;font-style:normal; }#ut_header_6a04692c2fa97 h1.section-title { font-size:70px !important;line-height:70px !important;letter-spacing:-0.03em; }#ut_header_6a04692c2fa97.pt-style-2 .page-title span:after, #ut_header_6a04692c2fa97.pt-style-2 .parallax-title span:after, #ut_header_6a04692c2fa97.pt-style-2 .section-title span:after { background-color:#ffffff !important;}<\/style><header id=\"ut_header_6a04692c2fa97\" class=\"section-header  ut-no-title-linebreak-mobile ut-no-lead-linebreak-mobile pt-style-2 header-left header-tablet-left header-mobile-left element-with-custom-line-height\"><div class=\"element-with-custom-line-height\" ><h1 data-title=\"Publicaciones\" data-effect=\"fadeIn\" data-animateonce=\"yes\" data-delay=\"0\" data-responsive-font=\"section_title\" data-responsive-font-settings=\"{&quot;base-font-size&quot;:&quot;global&quot;,&quot;font-size&quot;:{&quot;desktop_large&quot;:&quot;70&quot;},&quot;base-line-height&quot;:&quot;global&quot;,&quot;line-height&quot;:{&quot;desktop_large&quot;:&quot;70&quot;},&quot;base-letter-spacing&quot;:&quot;global&quot;,&quot;letter-spacing&quot;:{&quot;desktop_large&quot;:&quot;-0.03&quot;}}\" class=\"section-title ut-animate-element animated\"><span>Publications<\/span><\/h1><\/div><\/header><\/div>\r\n\t<div class=\"wpb_text_column wpb_content_element vc_custom_1743079919136\" >\r\n\t\t<div class=\"wpb_wrapper\">\r\n\t\t\t<p style=\"text-align: left;\" data-start=\"63\" data-end=\"133\"><span style=\"color: #ffffff;\">Fiction, Poetry, Essays, and Academic Articles.<\/span><\/p>\n\r\n\t\t<\/div>\r\n\t<\/div>\r\n<style type=\"text\/css\">#bklyn_btn_6a04692c3007a .bklyn-btn { color:#FFFFFF !important; border-color:#ffffff !important; border-width:2px !important; background-color:transparent !important; }#bklyn_btn_6a04692c3007a a.bklyn-btn { font-weight:300 !important; }#bklyn_btn_6a04692c3007a.bklyn-btn-header a.bklyn-btn { font-weight:300 !important; }#bklyn_btn_6a04692c3007a.bklyn-btn-header a.bklyn-btn span { font-weight:300 !important; }<\/style><div id=\"bklyn_btn_6a04692c3007a\" class=\"bklyn-btn-holder  bklyn-btn-left bklyn-btn-tablet-left bklyn-btn-mobile-left\"><a title=\"Publications\" data-effect=\"fadeIn\" data-animateonce=\"yes\" data-delay=\"0\"  href=\"https:\/\/alvaromartinsanz.es\/publicaciones\/\" target=\"_self\" class=\"bklyn-btn  bklyn-btn-outline ut-animate-element animated bklyn-btn-normal\" ><span class=\"ut-btn-text\">View<\/span><\/a><\/div><\/div><\/div><\/div><\/div><div class=\"vc_row-full-width vc_clearfix\"><\/div><a data-id=\"section-without-id\" class=\"ut-vc-offset-anchor-bottom\" name=\"section-without-id\"><\/a><style type=\"text\/css\">#ut-section-6a04692c2f07e{padding-top: 50px !important;padding-right: 50px !important;padding-bottom: 50px !important;padding-left: 50px !important;} <\/style><\/section><div class=\"vc_row-full-width vc_clearfix\"><\/div><section id=\"ut-section-6a04692c30ae3\" data-vc-full-width=\"true\" data-vc-full-width-init=\"false\" data-cursor-skin=\"global\" class=\"vc_section ut-vc-160 vc_section-has-fill ut-section-6a04692c30ae9 ut-parallax-section\"><div id=\"ut-parallax-6a04692c30b08\" data-parallax-factor=\"8\" data-background-image=\"https:\/\/alvaromartinsanz.es\/wp-content\/uploads\/2025\/03\/ALVARO-MARTIN-SANZ-VALLADOLID.webp?id=5844\" class=\"parallax-scroll-container parallax-scroll-container-hide ut-background-lozad\"><\/div><div id=\"ut-row-6a04692c30ed4\" data-vc-full-width=\"true\" data-vc-full-width-init=\"false\" class=\"vc_row wpb_row vc_row-fluid vc_column-gap-0 ut-row-6a04692c30ed9\" ><div class=\"wpb_column vc_column_container vc_col-sm-12\" ><div id=\"ut_inner_column_6a04692c315d2\" class=\"vc_column-inner\" ><div class=\"wpb_wrapper\"><div class=\"wpb_content_element\"><style type=\"text\/css\">#ut_header_6a04692c3191d h1.section-title, #ut_header_6a04692c3191d h1.section-title span { color:#ffffff; }#ut_header_6a04692c3191d h1.section-title{ font-family: \"Poppins\";font-weight:600;font-style:normal; }#ut_header_6a04692c3191d h1.section-title { font-size:70px !important;line-height:70px !important;letter-spacing:-0.03em; }#ut_header_6a04692c3191d.pt-style-2 .page-title span:after, #ut_header_6a04692c3191d.pt-style-2 .parallax-title span:after, #ut_header_6a04692c3191d.pt-style-2 .section-title span:after { background-color:#ffffff !important;}<\/style><header id=\"ut_header_6a04692c3191d\" class=\"section-header  ut-no-title-linebreak-mobile ut-no-lead-linebreak-mobile pt-style-2 header-left header-tablet-left header-mobile-left element-with-custom-line-height\"><div class=\"element-with-custom-line-height\" ><h1 data-title=\"Sobre m\u00ed\" data-effect=\"fadeIn\" data-animateonce=\"yes\" data-delay=\"0\" data-responsive-font=\"section_title\" data-responsive-font-settings=\"{&quot;base-font-size&quot;:&quot;global&quot;,&quot;font-size&quot;:{&quot;desktop_large&quot;:&quot;70&quot;},&quot;base-line-height&quot;:&quot;global&quot;,&quot;line-height&quot;:{&quot;desktop_large&quot;:&quot;70&quot;},&quot;base-letter-spacing&quot;:&quot;global&quot;,&quot;letter-spacing&quot;:{&quot;desktop_large&quot;:&quot;-0.03&quot;}}\" class=\"section-title ut-animate-element animated\"><span>About Me<\/span><\/h1><\/div><\/header><\/div>\r\n\t<div class=\"wpb_text_column wpb_content_element vc_custom_1743079871008\" >\r\n\t\t<div class=\"wpb_wrapper\">\r\n\t\t\t<p style=\"text-align: left;\" data-start=\"70\" data-end=\"187\"><span style=\"color: #ffffff;\">A short bio, education, and experience.<\/span><\/p>\n\r\n\t\t<\/div>\r\n\t<\/div>\r\n<style type=\"text\/css\">#bklyn_btn_6a04692c31f94 .bklyn-btn { color:#FFFFFF !important; border-color:#ffffff !important; border-width:2px !important; background-color:transparent !important; }#bklyn_btn_6a04692c31f94 a.bklyn-btn { font-weight:300 !important; }#bklyn_btn_6a04692c31f94.bklyn-btn-header a.bklyn-btn { font-weight:300 !important; }#bklyn_btn_6a04692c31f94.bklyn-btn-header a.bklyn-btn span { font-weight:300 !important; }<\/style><div id=\"bklyn_btn_6a04692c31f94\" class=\"bklyn-btn-holder  bklyn-btn-left bklyn-btn-tablet-left bklyn-btn-mobile-left\"><a title=\"\u00c1lvaro Mart\u00edn Sanz\" data-effect=\"fadeIn\" data-animateonce=\"yes\" data-delay=\"0\"  href=\"https:\/\/alvaromartinsanz.es\/alvaro-martin-sanz\/\" target=\"_self\" class=\"bklyn-btn  bklyn-btn-outline ut-animate-element animated bklyn-btn-normal\" ><span class=\"ut-btn-text\">View<\/span><\/a><\/div><\/div><\/div><\/div><style type=\"text\/css\">#ut-row-6a04692c30ed4{padding-right: 35px !important;} <\/style><\/div><div class=\"vc_row-full-width vc_clearfix\"><\/div><a data-id=\"section-without-id\" class=\"ut-vc-offset-anchor-bottom\" name=\"section-without-id\"><\/a><style type=\"text\/css\">#ut-section-6a04692c30ae3{padding-top: 50px !important;padding-right: 50px !important;padding-bottom: 50px !important;padding-left: 50px !important;} <\/style><\/section><div class=\"vc_row-full-width vc_clearfix\"><\/div>\n<\/div>","protected":false},"excerpt":{"rendered":"Cineasta y profesorCine He dirigido cortometrajes que han sido premiados en festivales de todo el mundo. VerPublicaciones Ficci\u00f3n, poes\u00eda, ensayo y art\u00edculos acad\u00e9micos. VerSobre m\u00ed Una peque\u00f1a bio, formaci\u00f3n y experiencia. Ver","protected":false},"author":1,"featured_media":0,"parent":0,"menu_order":0,"comment_status":"closed","ping_status":"closed","template":"","meta":{"footnotes":""},"class_list":["post-5841","page","type-page","status-publish","hentry"],"yoast_head":"<!-- This site is optimized with the Yoast SEO plugin v24.7 - https:\/\/yoast.com\/wordpress\/plugins\/seo\/ -->\n<title>\u00c1lvaro Mart\u00edn Sanz - Cineasta, Profesor y Escritor<\/title>\n<meta name=\"description\" content=\"P\u00e1gina web de \u00c1lvaro Mart\u00edn Sanz, cineasta, escritor y profesor de la Universidad de Valladolid, Espa\u00f1a\" \/>\n<meta name=\"robots\" content=\"index, follow, max-snippet:-1, max-image-preview:large, max-video-preview:-1\" \/>\n<link rel=\"canonical\" href=\"https:\/\/www.alvaromartinsanz.es\/\" \/>\n<meta property=\"og:locale\" content=\"en_GB\" \/>\n<meta property=\"og:type\" content=\"article\" \/>\n<meta property=\"og:title\" content=\"\u00c1lvaro Mart\u00edn Sanz - Cineasta, Profesor y Escritor\" \/>\n<meta property=\"og:description\" content=\"P\u00e1gina web de \u00c1lvaro Mart\u00edn Sanz, cineasta, escritor y profesor de la Universidad de Valladolid, Espa\u00f1a\" \/>\n<meta property=\"og:url\" content=\"https:\/\/www.alvaromartinsanz.es\/\" \/>\n<meta property=\"og:site_name\" content=\"\u00c1lvaro Mart\u00edn Sanz\" \/>\n<meta property=\"article:modified_time\" content=\"2025-04-07T17:25:05+00:00\" \/>\n<meta property=\"og:image\" content=\"https:\/\/alvaromartinsanz.es\/wp-content\/uploads\/2025\/03\/Alvaro-Martin-Sanz-traje.jpg\" \/>\n\t<meta property=\"og:image:width\" content=\"2232\" \/>\n\t<meta property=\"og:image:height\" content=\"1500\" \/>\n\t<meta property=\"og:image:type\" content=\"image\/jpeg\" \/>\n<meta name=\"twitter:card\" content=\"summary_large_image\" \/>\n<meta name=\"twitter:label1\" content=\"Estimated reading time\" \/>\n\t<meta name=\"twitter:data1\" content=\"1 minute\" \/>\n<script type=\"application\/ld+json\" class=\"yoast-schema-graph\">{\"@context\":\"https:\/\/schema.org\",\"@graph\":[{\"@type\":\"WebPage\",\"@id\":\"https:\/\/www.alvaromartinsanz.es\/\",\"url\":\"https:\/\/www.alvaromartinsanz.es\/\",\"name\":\"\u00c1lvaro Mart\u00edn Sanz - Cineasta, Profesor y Escritor\",\"isPartOf\":{\"@id\":\"https:\/\/www.alvaromartinsanz.es\/#website\"},\"datePublished\":\"2025-03-27T11:28:49+00:00\",\"dateModified\":\"2025-04-07T17:25:05+00:00\",\"description\":\"P\u00e1gina web de \u00c1lvaro Mart\u00edn Sanz, cineasta, escritor y profesor de la Universidad de Valladolid, Espa\u00f1a\",\"breadcrumb\":{\"@id\":\"https:\/\/www.alvaromartinsanz.es\/#breadcrumb\"},\"inLanguage\":\"en-GB\",\"potentialAction\":[{\"@type\":\"ReadAction\",\"target\":[\"https:\/\/www.alvaromartinsanz.es\/\"]}]},{\"@type\":\"BreadcrumbList\",\"@id\":\"https:\/\/www.alvaromartinsanz.es\/#breadcrumb\",\"itemListElement\":[{\"@type\":\"ListItem\",\"position\":1,\"name\":\"Portada\",\"item\":\"https:\/\/www.alvaromartinsanz.es\/\"},{\"@type\":\"ListItem\",\"position\":2,\"name\":\"Pagina de Inicio\"}]},{\"@type\":\"WebSite\",\"@id\":\"https:\/\/www.alvaromartinsanz.es\/#website\",\"url\":\"https:\/\/www.alvaromartinsanz.es\/\",\"name\":\"\u00c1lvaro Mart\u00edn Sanz\",\"description\":\"P\u00e1gina web de \u00c1lvaro Mart\u00edn Sanz. Profesor y cineasta de Valladolid\",\"publisher\":{\"@id\":\"https:\/\/www.alvaromartinsanz.es\/#\/schema\/person\/9882d6b92dd13baa15658d2349a4a67e\"},\"potentialAction\":[{\"@type\":\"SearchAction\",\"target\":{\"@type\":\"EntryPoint\",\"urlTemplate\":\"https:\/\/www.alvaromartinsanz.es\/?s={search_term_string}\"},\"query-input\":{\"@type\":\"PropertyValueSpecification\",\"valueRequired\":true,\"valueName\":\"search_term_string\"}}],\"inLanguage\":\"en-GB\"},{\"@type\":[\"Person\",\"Organization\"],\"@id\":\"https:\/\/www.alvaromartinsanz.es\/#\/schema\/person\/9882d6b92dd13baa15658d2349a4a67e\",\"name\":\"alvmartinsanz@gmail.com\",\"image\":{\"@type\":\"ImageObject\",\"inLanguage\":\"en-GB\",\"@id\":\"https:\/\/www.alvaromartinsanz.es\/#\/schema\/person\/image\/\",\"url\":\"https:\/\/alvaromartinsanz.es\/wp-content\/uploads\/2025\/03\/Alvaro-Martin-Sanz-traje.jpg\",\"contentUrl\":\"https:\/\/alvaromartinsanz.es\/wp-content\/uploads\/2025\/03\/Alvaro-Martin-Sanz-traje.jpg\",\"width\":2232,\"height\":1500,\"caption\":\"alvmartinsanz@gmail.com\"},\"logo\":{\"@id\":\"https:\/\/www.alvaromartinsanz.es\/#\/schema\/person\/image\/\"},\"sameAs\":[\"https:\/\/alvaromartinsanz.es\"]}]}<\/script>\n<!-- \/ Yoast SEO plugin. -->","yoast_head_json":{"title":"\u00c1lvaro Mart\u00edn Sanz - Cineasta, Profesor y Escritor","description":"P\u00e1gina web de \u00c1lvaro Mart\u00edn Sanz, cineasta, escritor y profesor de la Universidad de Valladolid, Espa\u00f1a","robots":{"index":"index","follow":"follow","max-snippet":"max-snippet:-1","max-image-preview":"max-image-preview:large","max-video-preview":"max-video-preview:-1"},"canonical":"https:\/\/www.alvaromartinsanz.es\/","og_locale":"en_GB","og_type":"article","og_title":"\u00c1lvaro Mart\u00edn Sanz - Cineasta, Profesor y Escritor","og_description":"P\u00e1gina web de \u00c1lvaro Mart\u00edn Sanz, cineasta, escritor y profesor de la Universidad de Valladolid, Espa\u00f1a","og_url":"https:\/\/www.alvaromartinsanz.es\/","og_site_name":"\u00c1lvaro Mart\u00edn Sanz","article_modified_time":"2025-04-07T17:25:05+00:00","og_image":[{"width":2232,"height":1500,"url":"https:\/\/alvaromartinsanz.es\/wp-content\/uploads\/2025\/03\/Alvaro-Martin-Sanz-traje.jpg","type":"image\/jpeg"}],"twitter_card":"summary_large_image","twitter_misc":{"Estimated reading time":"1 minute"},"schema":{"@context":"https:\/\/schema.org","@graph":[{"@type":"WebPage","@id":"https:\/\/www.alvaromartinsanz.es\/","url":"https:\/\/www.alvaromartinsanz.es\/","name":"\u00c1lvaro Mart\u00edn Sanz - Cineasta, Profesor y Escritor","isPartOf":{"@id":"https:\/\/www.alvaromartinsanz.es\/#website"},"datePublished":"2025-03-27T11:28:49+00:00","dateModified":"2025-04-07T17:25:05+00:00","description":"P\u00e1gina web de \u00c1lvaro Mart\u00edn Sanz, cineasta, escritor y profesor de la Universidad de Valladolid, Espa\u00f1a","breadcrumb":{"@id":"https:\/\/www.alvaromartinsanz.es\/#breadcrumb"},"inLanguage":"en-GB","potentialAction":[{"@type":"ReadAction","target":["https:\/\/www.alvaromartinsanz.es\/"]}]},{"@type":"BreadcrumbList","@id":"https:\/\/www.alvaromartinsanz.es\/#breadcrumb","itemListElement":[{"@type":"ListItem","position":1,"name":"Portada","item":"https:\/\/www.alvaromartinsanz.es\/"},{"@type":"ListItem","position":2,"name":"Pagina de Inicio"}]},{"@type":"WebSite","@id":"https:\/\/www.alvaromartinsanz.es\/#website","url":"https:\/\/www.alvaromartinsanz.es\/","name":"\u00c1lvaro Mart\u00edn Sanz","description":"P\u00e1gina web de \u00c1lvaro Mart\u00edn Sanz. Profesor y cineasta de Valladolid","publisher":{"@id":"https:\/\/www.alvaromartinsanz.es\/#\/schema\/person\/9882d6b92dd13baa15658d2349a4a67e"},"potentialAction":[{"@type":"SearchAction","target":{"@type":"EntryPoint","urlTemplate":"https:\/\/www.alvaromartinsanz.es\/?s={search_term_string}"},"query-input":{"@type":"PropertyValueSpecification","valueRequired":true,"valueName":"search_term_string"}}],"inLanguage":"en-GB"},{"@type":["Person","Organization"],"@id":"https:\/\/www.alvaromartinsanz.es\/#\/schema\/person\/9882d6b92dd13baa15658d2349a4a67e","name":"alvmartinsanz@gmail.com","image":{"@type":"ImageObject","inLanguage":"en-GB","@id":"https:\/\/www.alvaromartinsanz.es\/#\/schema\/person\/image\/","url":"https:\/\/alvaromartinsanz.es\/wp-content\/uploads\/2025\/03\/Alvaro-Martin-Sanz-traje.jpg","contentUrl":"https:\/\/alvaromartinsanz.es\/wp-content\/uploads\/2025\/03\/Alvaro-Martin-Sanz-traje.jpg","width":2232,"height":1500,"caption":"alvmartinsanz@gmail.com"},"logo":{"@id":"https:\/\/www.alvaromartinsanz.es\/#\/schema\/person\/image\/"},"sameAs":["https:\/\/alvaromartinsanz.es"]}]}},"_links":{"self":[{"href":"https:\/\/alvaromartinsanz.es\/en\/wp-json\/wp\/v2\/pages\/5841","targetHints":{"allow":["GET"]}}],"collection":[{"href":"https:\/\/alvaromartinsanz.es\/en\/wp-json\/wp\/v2\/pages"}],"about":[{"href":"https:\/\/alvaromartinsanz.es\/en\/wp-json\/wp\/v2\/types\/page"}],"author":[{"embeddable":true,"href":"https:\/\/alvaromartinsanz.es\/en\/wp-json\/wp\/v2\/users\/1"}],"replies":[{"embeddable":true,"href":"https:\/\/alvaromartinsanz.es\/en\/wp-json\/wp\/v2\/comments?post=5841"}],"version-history":[{"count":45,"href":"https:\/\/alvaromartinsanz.es\/en\/wp-json\/wp\/v2\/pages\/5841\/revisions"}],"predecessor-version":[{"id":6109,"href":"https:\/\/alvaromartinsanz.es\/en\/wp-json\/wp\/v2\/pages\/5841\/revisions\/6109"}],"wp:attachment":[{"href":"https:\/\/alvaromartinsanz.es\/en\/wp-json\/wp\/v2\/media?parent=5841"}],"curies":[{"name":"wp","href":"https:\/\/api.w.org\/{rel}","templated":true}]}}